{"id":131,"date":"2021-09-22T13:46:12","date_gmt":"2021-09-22T10:46:12","guid":{"rendered":"https:\/\/yorulmazofset.com\/?page_id=131"},"modified":"2021-09-22T14:42:28","modified_gmt":"2021-09-22T11:42:28","slug":"kurumsal","status":"publish","type":"page","link":"https:\/\/yorulmazofset.com\/?page_id=131","title":{"rendered":"Kurumsal"},"content":{"rendered":"<table border=\"0\" width=\"800\">\n<tbody>\n<tr>\n<td width=\"400\"><span style=\"font-size: small;\">1978 y\u0131l\u0131nda matbaac\u0131l\u0131k hayat\u0131m\u0131za ad\u0131m att\u0131\u011f\u0131m\u0131z g\u00fcnlerden bu yana, 2016 y\u0131l\u0131nda kendi i\u015fletmemizi kurduk. Sekt\u00f6r\u00fcn \u00f6nde gelen i\u015f ortaklar\u0131yla birlikte h\u0131zl\u0131 bir ivme ile b\u00fcy\u00fcyerek, kaliteli hizmet ve \u00fcr\u00fcn \u00e7\u0131kt\u0131s\u0131 vermekteyiz. Bu s\u00fcreci takiben t\u00fcm partnerlerimizle beraber, de\u011fi\u015fen teknolojik ko\u015fullara da adapte olarak g\u00fc\u00e7lenmi\u015f bir \u015fekilde b\u00fcy\u00fcmeye devam etmekteyiz. Mutlak m\u00fc\u015fteri memnuniyetini temel ilke edinmi\u015f olan Yorulmaz Ofset, profesyonel ekibi ile birlikte h\u0131zl\u0131 ve yenilik\u00e7i \u00e7\u00f6z\u00fcmlerle, istenilen kalite standart\u0131nda ve zaman\u0131nda teslimat ile m\u00fc\u015fteri taleplerine cevap esnekli\u011fi sa\u011flamaktad\u0131r.<\/span><\/td>\n<td width=\"400\" align=\"center\" valign=\"middle\"><img class=\"\" src=\"https:\/\/yorulmazofset.com\/wp-content\/uploads\/2021\/09\/kitaplik.jpg\" width=\"390\"><\/td>\n<\/tr>\n<tr>\n<td width=\"400\"><span style=\"font-size: small;\">K\u00f6kl\u00fc bir ge\u00e7mi\u015fe sahip, dinamik, topluma ve \u00e7evreye sayg\u0131l\u0131 olan firmam\u0131z\u0131n sekt\u00f6rde sayg\u0131nl\u0131\u011f\u0131, istikrar\u0131 ve kalitede s\u00fcreklili\u011fi i\u00e7in \u015fu ilkeler firmam\u0131z\u0131n politikas\u0131 olmu\u015ftur;<\/p>\n<ul>\n<li>\u015eirket itibar ve de\u011ferini s\u00fcrekli olarak y\u00fckseltmek<\/li>\n<li>M\u00fc\u015fteri memnuniyetini en \u00fcst d\u00fczeyde tutmak<\/li>\n<li>G\u00fcvenilir ve nitelikli tedarik\u00e7ilerle \u00e7al\u0131\u015fmak<\/li>\n<li>Sekt\u00f6r\u00fcm\u00fczle ilgili yenilik ve geli\u015fmeleri takip etmek<\/li>\n<li>Kalite y\u00f6netim sistemlerinin \u015fartlar\u0131na uymak, s\u00fcreklili\u011fini ve etkinli\u011fini sa\u011flamak ve geli\u015ftirmek<\/li>\n<li>\u00c7al\u0131\u015fanlar\u0131m\u0131z\u0131n e\u011fitim ve geli\u015fimlerini desteklemek, i\u015f sa\u011fl\u0131\u011f\u0131 ve g\u00fcvenli\u011fine \u00f6nem vermek<\/li>\n<li>Hatalar\u0131 kayna\u011f\u0131nda tespit ederek \u00f6nlemini almak<\/li>\n<li>Temizlik ve d\u00fczene \u00f6nem vermek, kaynaklar\u0131m\u0131z\u0131 verimli kullanarak \u00e7evreyi korumak<\/li>\n<\/ul>\n<p><\/span><\/td>\n<td width=\"400\" align=\"center\" valign=\"middle\"><img class=\"\" src=\"https:\/\/yorulmazofset.com\/wp-content\/uploads\/2021\/09\/grafik.jpg\" width=\"390\"><\/td>\n<\/tr>\n<tr>\n<td width=\"400\"><span style=\"font-size: small;\">Yorulmaz Ofset ailesi, t\u00fcm payda\u015flar\u0131n beklentilerine do\u011fa ve \u00e7evre duyarl\u0131l\u0131\u011f\u0131yla ve yayg\u0131nla\u015fan kalite anlay\u0131\u015f\u0131yla en k\u0131sa s\u00fcrede cevap vermeyi benimsemi\u015ftir. Kalite her zaman temel de\u011ferimiz olmu\u015ftur. Firmam\u0131z, m\u00fc\u015fteri merkezli anlay\u0131\u015f\u0131 do\u011frultusunda ihtiya\u00e7 ve beklentilere h\u0131zl\u0131 bir \u015fekilde cevap vermek esas\u0131yla hizmet vermektedir.<\/span><\/td>\n<td width=\"400\" align=\"center\" valign=\"middle\"><img class=\"\" src=\"https:\/\/yorulmazofset.com\/wp-content\/uploads\/2021\/09\/makina.jpg\" width=\"390\"><\/td>\n<\/tr>\n<tr>\n<td width=\"400\"><span style=\"font-size: small;\">G\u00fcn\u00fcm\u00fczde herkes taraf\u0131ndan en \u00f6nemli \u00f6l\u00e7\u00fct haline gelen \u00e7evre duyarl\u0131l\u0131\u011f\u0131 t\u00fcm s\u00fcre\u00e7lerimizde esas al\u0131nmakta olup, hammadde kullan\u0131m\u0131m\u0131zda \u00f6zellikle d\u00fcnyaca bilinen ve kabul g\u00f6ren sertifikalara sahip ka\u011f\u0131t kullanmaktay\u0131z. Bunu yaparken \u00e7al\u0131\u015fanlar\u0131m\u0131za \u00e7evre bilinci ve enerjinin verimli kullan\u0131m\u0131 ile ilgili bilin\u00e7lendirme e\u011fitimleri vererek onlar\u0131n geli\u015fimlerine katk\u0131da bulunmaktay\u0131z. \u00dcretimimizde FSC Sertifikas\u0131na sahip ka\u011f\u0131tlar kullanmaktay\u0131z. Hammadde temininden \u00fcretim ve kullan\u0131m s\u00fcrecine \u00e7evresel etkilerin belirli s\u0131n\u0131rlar alt\u0131nda olup azalt\u0131ld\u0131\u011f\u0131n\u0131 g\u00f6steren, Avrupa ve K\u00fcresel kapsamda kabul edilen ve g\u00fcvenilen bir sertifikad\u0131r. Avrupa Birli\u011fi taraf\u0131ndan kabul edilen bu etiketler, insanlar\u0131n g\u00fcnl\u00fck hayatta kullan\u0131m\u0131na sunulan \u00fcr\u00fcnlerin etkilerinin azalt\u0131lm\u0131\u015f oldu\u011funu beyan ederek markalara olan g\u00fcveni artt\u0131rmaktad\u0131r.<\/span><\/td>\n<td width=\"400\" align=\"center\" valign=\"middle\"><img class=\"\" src=\"https:\/\/yorulmazofset.com\/wp-content\/uploads\/2021\/09\/FSC-Belge-logo-ve-yazisi.jpg\" width=\"200\"><\/td>\n<\/tr>\n<\/tbody>\n<\/table>\n","protected":false},"excerpt":{"rendered":"<p>1978 y\u0131l\u0131nda matbaac\u0131l\u0131k hayat\u0131m\u0131za ad\u0131m att\u0131\u011f\u0131m\u0131z g\u00fcnlerden bu yana, 2016 y\u0131l\u0131nda kendi i\u015fletmemizi kurduk. Sekt\u00f6r\u00fcn \u00f6nde gelen i\u015f ortaklar\u0131yla birlikte h\u0131zl\u0131 bir ivme ile b\u00fcy\u00fcyerek, kaliteli hizmet ve \u00fcr\u00fcn \u00e7\u0131kt\u0131s\u0131 vermekteyiz. Bu s\u00fcreci takiben t\u00fcm partnerlerimizle beraber, de\u011fi\u015fen teknolojik ko\u015fullara da adapte olarak g\u00fc\u00e7lenmi\u015f bir \u015fekilde b\u00fcy\u00fcmeye devam etmekteyiz. Mutlak m\u00fc\u015fteri memnuniyetini temel ilke edinmi\u015f<a class=\"moretag\" href=\"https:\/\/yorulmazofset.com\/?page_id=131\"><span class=\"screen-reader-text\">Read more about Kurumsal<\/span>[&#8230;]<\/a><\/p>\n","protected":false},"author":1,"featured_media":0,"parent":0,"menu_order":0,"comment_status":"closed","ping_status":"closed","template":"","meta":[],"_links":{"self":[{"href":"https:\/\/yorulmazofset.com\/index.php?rest_route=\/wp\/v2\/pages\/131"}],"collection":[{"href":"https:\/\/yorulmazofset.com\/index.php?rest_route=\/wp\/v2\/pages"}],"about":[{"href":"https:\/\/yorulmazofset.com\/index.php?rest_route=\/wp\/v2\/types\/page"}],"author":[{"embeddable":true,"href":"https:\/\/yorulmazofset.com\/index.php?rest_route=\/wp\/v2\/users\/1"}],"replies":[{"embeddable":true,"href":"https:\/\/yorulmazofset.com\/index.php?rest_route=%2Fwp%2Fv2%2Fcomments&post=131"}],"version-history":[{"count":30,"href":"https:\/\/yorulmazofset.com\/index.php?rest_route=\/wp\/v2\/pages\/131\/revisions"}],"predecessor-version":[{"id":177,"href":"https:\/\/yorulmazofset.com\/index.php?rest_route=\/wp\/v2\/pages\/131\/revisions\/177"}],"wp:attachment":[{"href":"https:\/\/yorulmazofset.com\/index.php?rest_route=%2Fwp%2Fv2%2Fmedia&parent=131"}],"curies":[{"name":"wp","href":"https:\/\/api.w.org\/{rel}","templated":true}]}}